{"id":105,"date":"2019-09-19T14:19:48","date_gmt":"2019-09-19T12:19:48","guid":{"rendered":"https:\/\/www.schuh-keller.de\/blog\/?page_id=105"},"modified":"2023-08-17T18:49:28","modified_gmt":"2023-08-17T16:49:28","slug":"startseite","status":"publish","type":"page","link":"https:\/\/www.schuh-keller.de\/blog\/","title":{"rendered":"Wanderschuhe Magazin"},"content":{"rendered":"<p>[et_pb_section fb_built=&#8220;1&#8243; _builder_version=&#8220;4.22.0&#8243; background_image=&#8220;https:\/\/www.schuh-keller.de\/blog\/wp-content\/uploads\/2023\/08\/wanderschuhe_kaufberatung_titel-min.jpg&#8220; min_height=&#8220;235px&#8220; min_height_tablet=&#8220;&#8220; min_height_phone=&#8220;&#8220; min_height_last_edited=&#8220;on|phone&#8220; custom_padding=&#8220;||107px|||&#8220; global_colors_info=&#8220;{}&#8220;][\/et_pb_section][et_pb_section fb_built=&#8220;1&#8243; _builder_version=&#8220;4.16&#8243; custom_padding=&#8220;58px||0px|||&#8220; global_colors_info=&#8220;{}&#8220;][et_pb_row _builder_version=&#8220;4.16&#8243; custom_margin=&#8220;-30px|auto||auto||&#8220; custom_padding=&#8220;||52px|||&#8220; global_colors_info=&#8220;{}&#8220;][et_pb_column type=&#8220;4_4&#8243; _builder_version=&#8220;4.16&#8243; global_colors_info=&#8220;{}&#8220;][et_pb_text _builder_version=&#8220;4.22.0&#8243; text_font=&#8220;MHW Maven Pro||||||||&#8220; header_font=&#8220;MHW Encode Sans 900|700||on|||||&#8220; header_2_font=&#8220;MHW Maven Pro||||||||&#8220; header_2_text_color=&#8220;#777777&#8243; text_orientation=&#8220;center&#8220; custom_margin=&#8220;||2px|||&#8220; global_colors_info=&#8220;{}&#8220;]<\/p>\n<h1>Schuh-Keller Magazin<\/h1>\n<h2>Das Wanderschuhe Blog mit Tipps, Trends, News &amp; Kaufberatung<\/h2>\n<p>[\/et_pb_text][\/et_pb_column][\/et_pb_row][\/et_pb_section][et_pb_section fb_built=&#8220;1&#8243; inner_shadow=&#8220;on&#8220; _builder_version=&#8220;4.22.0&#8243; background_color=&#8220;#6b9a24&#8243; custom_padding=&#8220;2px|||||&#8220; top_divider_style=&#8220;graph4&#8243; top_divider_color=&#8220;#FFFFFF&#8220; top_divider_flip=&#8220;vertical&#8220; bottom_divider_style=&#8220;graph4&#8243; bottom_divider_color=&#8220;#ffffff&#8220; bottom_divider_flip=&#8220;vertical&#8220; global_colors_info=&#8220;{}&#8220;][et_pb_row _builder_version=&#8220;4.16&#8243; global_colors_info=&#8220;{}&#8220;][et_pb_column type=&#8220;4_4&#8243; _builder_version=&#8220;4.16&#8243; global_colors_info=&#8220;{}&#8220;][et_pb_blog fullwidth=&#8220;off&#8220; posts_number=&#8220;9&#8243; include_categories=&#8220;16,10,11,12,14,13,15&#8243; meta_date=&#8220;d.m.Y&#8220; show_more=&#8220;on&#8220; show_author=&#8220;off&#8220; masonry_tile_background_color=&#8220;#ffffff&#8220; _builder_version=&#8220;4.22.0&#8243; header_font_size=&#8220;24px&#8220; header_line_height=&#8220;1.3em&#8220; meta_text_color=&#8220;#8c8c8c&#8220; meta_font_size=&#8220;16px&#8220; meta_line_height=&#8220;1.4em&#8220; read_more_font=&#8220;|||on|||||&#8220; read_more_line_height=&#8220;2em&#8220; custom_padding=&#8220;||||false|false&#8220; animation_style=&#8220;slide&#8220; animation_direction=&#8220;left&#8220; hover_enabled=&#8220;0&#8243; global_colors_info=&#8220;{}&#8220; pagination_text_color=&#8220;#FFFFFF&#8220; sticky_enabled=&#8220;0&#8243;][\/et_pb_blog][\/et_pb_column][\/et_pb_row][\/et_pb_section][et_pb_section fb_built=&#8220;1&#8243; _builder_version=&#8220;4.16&#8243; custom_padding=&#8220;18px||11px|||&#8220; top_divider_flip=&#8220;vertical&#8220; global_colors_info=&#8220;{}&#8220;][et_pb_row column_structure=&#8220;1_2,1_2&#8243; _builder_version=&#8220;4.16&#8243; global_colors_info=&#8220;{}&#8220;][et_pb_column type=&#8220;1_2&#8243; _builder_version=&#8220;4.16&#8243; global_colors_info=&#8220;{}&#8220;][et_pb_text _builder_version=&#8220;4.21.0&#8243; text_font=&#8220;Fjalla One MHW||||||||&#8220; header_2_font=&#8220;|||on|||||&#8220; header_2_font_size=&#8220;28px&#8220; global_colors_info=&#8220;{}&#8220;]<\/p>\n<h2>Schuh-Keller Outdoorschuhe Onlineshop<\/h2>\n<p>[\/et_pb_text][et_pb_text _builder_version=&#8220;4.22.0&#8243; text_font=&#8220;||||||||&#8220; global_colors_info=&#8220;{}&#8220;]<\/p>\n<p><strong>Entdecke jetzt unsere Bergschuhe, Wanderschuhe, Trekkingschuhe sowie Schuhe f\u00fcr Sport und Outdooraktivit\u00e4ten in riesiger Auswahl.\u00a0<\/strong><\/p>\n<p>Ganz gleich, ob du eine Wanderung in flacheren Regionen oder im Mittelgebirge planst, eine Trekkingtour durch Alpen und Hochgebirge ansteht, bei Schuh Keller findest du ganz sicher den f\u00fcr dich passenden <a href=\"https:\/\/www.schuh-keller.de\/outdoorschuhe-zubehoer\/wanderschuhe-und-trekkingschuhe\/\" target=\"_blank\" rel=\"noopener\"><strong>Wander- und Trekkingschuh<\/strong><\/a>.<\/p>\n<p>Zieht es dich hinaus in noch h\u00f6here Regionen, so wird dich die gro\u00dfe Auswahl hochwertiger <a href=\"https:\/\/www.schuh-keller.de\/outdoorschuhe-zubehoer\/bergschuhe-und-expeditionsschuhe\/\" target=\"_blank\" rel=\"noopener\"><strong>Bergschuhe<\/strong><\/a> ganz sicher beeindrucken. F\u00fcr Touren in Gletscherregionen, Eis und Arktis bzw. Bergregionen jenseits der 8000er haben wir spezielle <a href=\"https:\/\/www.schuh-keller.de\/outdoorschuhe-zubehoer\/bergschuhe-und-expeditionsschuhe\/\" target=\"_blank\" rel=\"noopener\"><strong>Expeditionsschuhe<\/strong><\/a> im Angebot.<\/p>\n<p>Schaue dir unser komplettes Sortiment direkt <a href=\"https:\/\/www.schuh-keller.de\/\" target=\"_blank\" rel=\"noopener\"><strong>in unserem Onlineshop<\/strong><\/a> an und bestelle dort direkt deine Lieblingsschuhe. Wir beraten dich fachkundig und individuell, per Telefon oder Email.<\/p>\n<p>\u00dcbrigens bieten wir dir in unserem Shop zudem eine gro\u00dfartige Auswahl an erstklassigen <a href=\"https:\/\/www.schuh-keller.de\/damenschuhe\/\" target=\"_blank\" rel=\"noopener\"><strong>Damenschuhen<\/strong><\/a> und <a href=\"https:\/\/www.schuh-keller.de\/herrenschuhe-1435\/\" target=\"_blank\" rel=\"noopener\"><strong>Herrenschuhen<\/strong><\/a>.<\/p>\n<p>[\/et_pb_text][et_pb_button button_url=&#8220;https:\/\/www.schuh-keller.de\/outdoorschuhe-zubehoer\/&#8220; button_text=&#8220;Jetzt direkt zum Onlineshop&#8220; _builder_version=&#8220;4.16&#8243; custom_button=&#8220;on&#8220; button_text_color=&#8220;#ffffff&#8220; button_bg_color=&#8220;#e09900&#8243; button_border_radius=&#8220;10px&#8220; global_colors_info=&#8220;{}&#8220;][\/et_pb_button][\/et_pb_column][et_pb_column type=&#8220;1_2&#8243; _builder_version=&#8220;4.16&#8243; global_colors_info=&#8220;{}&#8220;][et_pb_image src=&#8220;https:\/\/www.schuh-keller.de\/blog\/wp-content\/uploads\/2023\/07\/outdoorschuhe_keller-min.jpg&#8220; alt=&#8220;Outdoorschuhe online kaufen&#8220; title_text=&#8220;Outdoorschuhe online kaufen&#8220; _builder_version=&#8220;4.21.0&#8243; _module_preset=&#8220;default&#8220; global_colors_info=&#8220;{}&#8220;][\/et_pb_image][\/et_pb_column][\/et_pb_row][\/et_pb_section][et_pb_section fb_built=&#8220;1&#8243; prev_background_color=&#8220;#ffffff&#8220; _builder_version=&#8220;4.22.0&#8243; background_color=&#8220;#6b9a24&#8243; custom_padding=&#8220;20px|||||&#8220; top_divider_style=&#8220;graph4&#8243; top_divider_flip=&#8220;vertical&#8220; global_colors_info=&#8220;{}&#8220;][et_pb_row _builder_version=&#8220;4.16&#8243; global_colors_info=&#8220;{}&#8220;][et_pb_column type=&#8220;4_4&#8243; _builder_version=&#8220;4.16&#8243; global_colors_info=&#8220;{}&#8220;][et_pb_text _builder_version=&#8220;4.16&#8243; header_3_text_align=&#8220;center&#8220; global_colors_info=&#8220;{}&#8220;]<\/p>\n<h3>Zuschriften unserer Kunden<\/h3>\n<p>[\/et_pb_text][\/et_pb_column][\/et_pb_row][et_pb_row _builder_version=&#8220;4.16&#8243; custom_padding=&#8220;0px|||||&#8220; global_colors_info=&#8220;{}&#8220;][et_pb_column type=&#8220;4_4&#8243; _builder_version=&#8220;4.16&#8243; global_colors_info=&#8220;{}&#8220;][et_pb_blog fullwidth=&#8220;off&#8220; posts_number=&#8220;6&#8243; include_categories=&#8220;17&#8243; excerpt_length=&#8220;150&#8243; show_more=&#8220;on&#8220; show_author=&#8220;off&#8220; show_date=&#8220;off&#8220; _builder_version=&#8220;4.22.0&#8243; pagination_font=&#8220;|700|||||||&#8220; pagination_text_color=&#8220;#FFFFFF&#8220; pagination_font_size=&#8220;20px&#8220; custom_padding=&#8220;3px|||||&#8220; animation_style=&#8220;slide&#8220; global_colors_info=&#8220;{}&#8220;][\/et_pb_blog][\/et_pb_column][\/et_pb_row][et_pb_row _builder_version=&#8220;4.16&#8243; background_color=&#8220;#ffffff&#8220; custom_padding=&#8220;1px|||||&#8220; global_colors_info=&#8220;{}&#8220;][et_pb_column type=&#8220;4_4&#8243; _builder_version=&#8220;4.16&#8243; global_colors_info=&#8220;{}&#8220;][et_pb_text _builder_version=&#8220;4.21.0&#8243; background_color=&#8220;#ffffff&#8220; custom_padding=&#8220;20px|20px|20px|20px|true|true&#8220; global_colors_info=&#8220;{}&#8220;]<\/p>\n<p>Es ist uns ganz besonders wichtig, dir immer einen <a href=\"https:\/\/www.schuh-keller.de\/info\/Unsere-Geschaeftsprinzipien.html\">hervorragenden und kompetenten Service<\/a> bei der Auswahl deiner Schuhe zu bieten.<br \/>Ganz besonders freuen wir uns nat\u00fcrlich, wenn wir Post von dir erhalten, in der du uns \u00fcber deine Erfahrungen oder interessante Begebenheiten mit deinem Schuhwerk von Schuh-Keller erz\u00e4hlst.<\/p>\n<p>M\u00f6chtest du uns deinen Erfahrungsbericht zukommen lassen, schreibe uns einfach an <a href=\"mailto:info@schuh-keller.de?subject=Mein%20Erfahrungsbericht\">info@schuh-keller.de<\/a> .<br \/>Bitte teile uns dabei auch kurz mit, ob du mit der Ver\u00f6ffentlichung deiner Nachricht in unserem Blog einverstanden bist.<br \/>Genannt werden nur dein Vorname, der Anfangsbuchstabe deines Nachnamens und dein Wohnort.<\/p>\n<p>[\/et_pb_text][\/et_pb_column][\/et_pb_row][\/et_pb_section]<\/p>\n","protected":false},"excerpt":{"rendered":"<p>Schuh-Keller Magazin Das Wanderschuhe Blog mit Tipps, Trends, News &amp; KaufberatungSchuh-Keller Outdoorschuhe OnlineshopEntdecke jetzt unsere Bergschuhe, Wanderschuhe, Trekkingschuhe sowie Schuhe f\u00fcr Sport und Outdooraktivit\u00e4ten in riesiger Auswahl.\u00a0 Ganz gleich, ob du eine Wanderung in flacheren Regionen oder im Mittelgebirge planst, eine Trekkingtour durch Alpen und Hochgebirge ansteht, bei Schuh Keller findest du ganz sicher den [&hellip;]<\/p>\n","protected":false},"author":1,"featured_media":0,"parent":0,"menu_order":0,"comment_status":"closed","ping_status":"closed","template":"","meta":{"_et_pb_use_builder":"on","_et_pb_old_content":"","_et_gb_content_width":""},"yoast_head":"<!-- This site is optimized with the Yoast SEO plugin v17.8 - https:\/\/yoast.com\/wordpress\/plugins\/seo\/ -->\n<title>Wanderschuhe Magazin | Blog Schuh-Keller KG<\/title>\n<meta name=\"description\" content=\"Schuh-Keller zeigt Ihnen, worauf es bei der Auswahl von Wanderschuhen und Bergschuhen ankommt. Viele Tipps &amp; Infos zum Wandern &amp; Trekking. Erstklassige Kaufberatung durch Schuhspezialisten.\" \/>\n<meta name=\"robots\" content=\"index, follow, max-snippet:-1, max-image-preview:large, max-video-preview:-1\" \/>\n<link rel=\"canonical\" href=\"https:\/\/www.schuh-keller.de\/blog\/\" \/>\n<meta property=\"og:locale\" content=\"de_DE\" \/>\n<meta property=\"og:type\" content=\"article\" \/>\n<meta property=\"og:title\" content=\"Wanderschuhe Magazin | Blog Schuh-Keller KG\" \/>\n<meta property=\"og:description\" content=\"Schuh-Keller zeigt Ihnen, worauf es bei der Auswahl von Wanderschuhen und Bergschuhen ankommt. Viele Tipps &amp; Infos zum Wandern &amp; Trekking. Erstklassige Kaufberatung durch Schuhspezialisten.\" \/>\n<meta property=\"og:url\" content=\"https:\/\/www.schuh-keller.de\/blog\/\" \/>\n<meta property=\"og:site_name\" content=\"Blog Schuh-Keller KG\" \/>\n<meta property=\"article:publisher\" content=\"https:\/\/www.facebook.com\/pg\/schuhkeller.de\" \/>\n<meta property=\"article:modified_time\" content=\"2023-08-17T16:49:28+00:00\" \/>\n<meta property=\"og:image\" content=\"https:\/\/www.schuh-keller.de\/blog\/wp-content\/uploads\/2019\/09\/schuh-keller_logo_2017.png\" \/>\n\t<meta property=\"og:image:width\" content=\"169\" \/>\n\t<meta property=\"og:image:height\" content=\"69\" \/>\n<meta name=\"twitter:card\" content=\"summary_large_image\" \/>\n<meta name=\"twitter:label1\" content=\"Gesch\u00e4tzte Lesezeit\" \/>\n\t<meta name=\"twitter:data1\" content=\"4\u00a0Minuten\" \/>\n<script type=\"application\/ld+json\" class=\"yoast-schema-graph\">{\"@context\":\"https:\/\/schema.org\",\"@graph\":[{\"@type\":\"Organization\",\"@id\":\"https:\/\/www.schuh-keller.de\/blog\/#organization\",\"name\":\"Schuh-Keller KG\",\"url\":\"https:\/\/www.schuh-keller.de\/blog\/\",\"sameAs\":[\"https:\/\/www.facebook.com\/pg\/schuhkeller.de\",\"https:\/\/www.instagram.com\/schuhkeller\/?hl=de\"],\"logo\":{\"@type\":\"ImageObject\",\"@id\":\"https:\/\/www.schuh-keller.de\/blog\/#logo\",\"inLanguage\":\"de\",\"url\":\"https:\/\/www.schuh-keller.de\/blog\/wp-content\/uploads\/2019\/09\/schuh-keller_logo_2017.png\",\"contentUrl\":\"https:\/\/www.schuh-keller.de\/blog\/wp-content\/uploads\/2019\/09\/schuh-keller_logo_2017.png\",\"width\":169,\"height\":69,\"caption\":\"Schuh-Keller KG\"},\"image\":{\"@id\":\"https:\/\/www.schuh-keller.de\/blog\/#logo\"}},{\"@type\":\"WebSite\",\"@id\":\"https:\/\/www.schuh-keller.de\/blog\/#website\",\"url\":\"https:\/\/www.schuh-keller.de\/blog\/\",\"name\":\"Blog Schuh-Keller KG\",\"description\":\"Das aktuelle Blog \\u00fcber Schuhe\",\"publisher\":{\"@id\":\"https:\/\/www.schuh-keller.de\/blog\/#organization\"},\"potentialAction\":[{\"@type\":\"SearchAction\",\"target\":{\"@type\":\"EntryPoint\",\"urlTemplate\":\"https:\/\/www.schuh-keller.de\/blog\/?s={search_term_string}\"},\"query-input\":\"required name=search_term_string\"}],\"inLanguage\":\"de\"},{\"@type\":\"WebPage\",\"@id\":\"https:\/\/www.schuh-keller.de\/blog\/#webpage\",\"url\":\"https:\/\/www.schuh-keller.de\/blog\/\",\"name\":\"Wanderschuhe Magazin | Blog Schuh-Keller KG\",\"isPartOf\":{\"@id\":\"https:\/\/www.schuh-keller.de\/blog\/#website\"},\"datePublished\":\"2019-09-19T12:19:48+00:00\",\"dateModified\":\"2023-08-17T16:49:28+00:00\",\"description\":\"Schuh-Keller zeigt Ihnen, worauf es bei der Auswahl von Wanderschuhen und Bergschuhen ankommt. Viele Tipps & Infos zum Wandern & Trekking. Erstklassige Kaufberatung durch Schuhspezialisten.\",\"breadcrumb\":{\"@id\":\"https:\/\/www.schuh-keller.de\/blog\/#breadcrumb\"},\"inLanguage\":\"de\",\"potentialAction\":[{\"@type\":\"ReadAction\",\"target\":[\"https:\/\/www.schuh-keller.de\/blog\/\"]}]},{\"@type\":\"BreadcrumbList\",\"@id\":\"https:\/\/www.schuh-keller.de\/blog\/#breadcrumb\",\"itemListElement\":[{\"@type\":\"ListItem\",\"position\":1,\"name\":\"Startseite\",\"item\":\"https:\/\/www.schuh-keller.de\/blog\/\"},{\"@type\":\"ListItem\",\"position\":2,\"name\":\"Wanderschuhe Magazin\"}]}]}<\/script>\n<!-- \/ Yoast SEO plugin. -->","yoast_head_json":{"title":"Wanderschuhe Magazin | Blog Schuh-Keller KG","description":"Schuh-Keller zeigt Ihnen, worauf es bei der Auswahl von Wanderschuhen und Bergschuhen ankommt. Viele Tipps & Infos zum Wandern & Trekking. Erstklassige Kaufberatung durch Schuhspezialisten.","robots":{"index":"index","follow":"follow","max-snippet":"max-snippet:-1","max-image-preview":"max-image-preview:large","max-video-preview":"max-video-preview:-1"},"canonical":"https:\/\/www.schuh-keller.de\/blog\/","og_locale":"de_DE","og_type":"article","og_title":"Wanderschuhe Magazin | Blog Schuh-Keller KG","og_description":"Schuh-Keller zeigt Ihnen, worauf es bei der Auswahl von Wanderschuhen und Bergschuhen ankommt. Viele Tipps & Infos zum Wandern & Trekking. Erstklassige Kaufberatung durch Schuhspezialisten.","og_url":"https:\/\/www.schuh-keller.de\/blog\/","og_site_name":"Blog Schuh-Keller KG","article_publisher":"https:\/\/www.facebook.com\/pg\/schuhkeller.de","article_modified_time":"2023-08-17T16:49:28+00:00","og_image":[{"width":169,"height":69,"url":"https:\/\/www.schuh-keller.de\/blog\/wp-content\/uploads\/2019\/09\/schuh-keller_logo_2017.png","type":"image\/png"}],"twitter_card":"summary_large_image","twitter_misc":{"Gesch\u00e4tzte Lesezeit":"4\u00a0Minuten"},"schema":{"@context":"https:\/\/schema.org","@graph":[{"@type":"Organization","@id":"https:\/\/www.schuh-keller.de\/blog\/#organization","name":"Schuh-Keller KG","url":"https:\/\/www.schuh-keller.de\/blog\/","sameAs":["https:\/\/www.facebook.com\/pg\/schuhkeller.de","https:\/\/www.instagram.com\/schuhkeller\/?hl=de"],"logo":{"@type":"ImageObject","@id":"https:\/\/www.schuh-keller.de\/blog\/#logo","inLanguage":"de","url":"https:\/\/www.schuh-keller.de\/blog\/wp-content\/uploads\/2019\/09\/schuh-keller_logo_2017.png","contentUrl":"https:\/\/www.schuh-keller.de\/blog\/wp-content\/uploads\/2019\/09\/schuh-keller_logo_2017.png","width":169,"height":69,"caption":"Schuh-Keller KG"},"image":{"@id":"https:\/\/www.schuh-keller.de\/blog\/#logo"}},{"@type":"WebSite","@id":"https:\/\/www.schuh-keller.de\/blog\/#website","url":"https:\/\/www.schuh-keller.de\/blog\/","name":"Blog Schuh-Keller KG","description":"Das aktuelle Blog \u00fcber Schuhe","publisher":{"@id":"https:\/\/www.schuh-keller.de\/blog\/#organization"},"potentialAction":[{"@type":"SearchAction","target":{"@type":"EntryPoint","urlTemplate":"https:\/\/www.schuh-keller.de\/blog\/?s={search_term_string}"},"query-input":"required name=search_term_string"}],"inLanguage":"de"},{"@type":"WebPage","@id":"https:\/\/www.schuh-keller.de\/blog\/#webpage","url":"https:\/\/www.schuh-keller.de\/blog\/","name":"Wanderschuhe Magazin | Blog Schuh-Keller KG","isPartOf":{"@id":"https:\/\/www.schuh-keller.de\/blog\/#website"},"datePublished":"2019-09-19T12:19:48+00:00","dateModified":"2023-08-17T16:49:28+00:00","description":"Schuh-Keller zeigt Ihnen, worauf es bei der Auswahl von Wanderschuhen und Bergschuhen ankommt. Viele Tipps & Infos zum Wandern & Trekking. Erstklassige Kaufberatung durch Schuhspezialisten.","breadcrumb":{"@id":"https:\/\/www.schuh-keller.de\/blog\/#breadcrumb"},"inLanguage":"de","potentialAction":[{"@type":"ReadAction","target":["https:\/\/www.schuh-keller.de\/blog\/"]}]},{"@type":"BreadcrumbList","@id":"https:\/\/www.schuh-keller.de\/blog\/#breadcrumb","itemListElement":[{"@type":"ListItem","position":1,"name":"Startseite","item":"https:\/\/www.schuh-keller.de\/blog\/"},{"@type":"ListItem","position":2,"name":"Wanderschuhe Magazin"}]}]}},"_links":{"self":[{"href":"https:\/\/www.schuh-keller.de\/blog\/wp-json\/wp\/v2\/pages\/105"}],"collection":[{"href":"https:\/\/www.schuh-keller.de\/blog\/wp-json\/wp\/v2\/pages"}],"about":[{"href":"https:\/\/www.schuh-keller.de\/blog\/wp-json\/wp\/v2\/types\/page"}],"author":[{"embeddable":true,"href":"https:\/\/www.schuh-keller.de\/blog\/wp-json\/wp\/v2\/users\/1"}],"replies":[{"embeddable":true,"href":"https:\/\/www.schuh-keller.de\/blog\/wp-json\/wp\/v2\/comments?post=105"}],"version-history":[{"count":52,"href":"https:\/\/www.schuh-keller.de\/blog\/wp-json\/wp\/v2\/pages\/105\/revisions"}],"predecessor-version":[{"id":804,"href":"https:\/\/www.schuh-keller.de\/blog\/wp-json\/wp\/v2\/pages\/105\/revisions\/804"}],"wp:attachment":[{"href":"https:\/\/www.schuh-keller.de\/blog\/wp-json\/wp\/v2\/media?parent=105"}],"curies":[{"name":"wp","href":"https:\/\/api.w.org\/{rel}","templated":true}]}}